{"id":39,"date":"2025-05-10T21:25:10","date_gmt":"2025-05-10T21:25:10","guid":{"rendered":"http:\/\/bxkqixb.cluster100.hosting.ovh.net\/?page_id=39"},"modified":"2025-08-12T10:20:12","modified_gmt":"2025-08-12T10:20:12","slug":"informacje","status":"publish","type":"page","link":"https:\/\/zumteich.com\/index.php\/informacje\/","title":{"rendered":"Unterkunft"},"content":{"rendered":"\n<p>Ob Sie mit dem Zelt, dem Camper oder dem Wohnmobil reisen \u2013 bei uns finden Sie den passenden Platz. F\u00fcr alle, die mehr Komfort w\u00fcnschen, bieten wir gem\u00fctliche Bungalows und kleine, liebevoll gestaltete Schlafnischen.<\/p>\n\n\n\n<p>Alles ist in traditioneller Holzbauweise errichtet, mit gro\u00dfer Sorgfalt f\u00fcr Details, damit die Ruhe und Harmonie dieses besonderen Ortes bewahrt bleiben. Hier f\u00fcgt sich jede Unterkunft sanft in die Natur ein \u2013 f\u00fcr einen Aufenthalt, der sich anf\u00fchlt wie ein Teil des Ganzen.<\/p>\n","protected":false},"excerpt":{"rendered":"<p>Ob Sie mit dem Zelt, dem Camper oder dem Wohnmobil reisen \u2013 bei uns finden Sie den passenden Platz. F\u00fcr alle, die mehr Komfort w\u00fcnschen, bieten wir gem\u00fctliche Bungalows und kleine, liebevoll gestaltete Schlafnischen. Alles ist in traditioneller Holzbauweise errichtet, mit gro\u00dfer Sorgfalt f\u00fcr Details, damit die Ruhe und Harmonie dieses besonderen Ortes bewahrt bleiben. &hellip; <\/p>\n<p class=\"link-more\"><a href=\"https:\/\/zumteich.com\/index.php\/informacje\/\" class=\"more-link\">Czytaj dalej<span class=\"screen-reader-text\"> \u201eUnterkunft\u201d<\/span><\/a><\/p>\n","protected":false},"author":1,"featured_media":102,"parent":0,"menu_order":0,"comment_status":"closed","ping_status":"closed","template":"","meta":{"footnotes":""},"class_list":["post-39","page","type-page","status-publish","has-post-thumbnail","hentry"],"_links":{"self":[{"href":"https:\/\/zumteich.com\/index.php\/wp-json\/wp\/v2\/pages\/39","targetHints":{"allow":["GET"]}}],"collection":[{"href":"https:\/\/zumteich.com\/index.php\/wp-json\/wp\/v2\/pages"}],"about":[{"href":"https:\/\/zumteich.com\/index.php\/wp-json\/wp\/v2\/types\/page"}],"author":[{"embeddable":true,"href":"https:\/\/zumteich.com\/index.php\/wp-json\/wp\/v2\/users\/1"}],"replies":[{"embeddable":true,"href":"https:\/\/zumteich.com\/index.php\/wp-json\/wp\/v2\/comments?post=39"}],"version-history":[{"count":4,"href":"https:\/\/zumteich.com\/index.php\/wp-json\/wp\/v2\/pages\/39\/revisions"}],"predecessor-version":[{"id":125,"href":"https:\/\/zumteich.com\/index.php\/wp-json\/wp\/v2\/pages\/39\/revisions\/125"}],"wp:featuredmedia":[{"embeddable":true,"href":"https:\/\/zumteich.com\/index.php\/wp-json\/wp\/v2\/media\/102"}],"wp:attachment":[{"href":"https:\/\/zumteich.com\/index.php\/wp-json\/wp\/v2\/media?parent=39"}],"curies":[{"name":"wp","href":"https:\/\/api.w.org\/{rel}","templated":true}]}}