{"id":38,"date":"2025-05-10T21:25:10","date_gmt":"2025-05-10T21:25:10","guid":{"rendered":"http:\/\/bxkqixb.cluster100.hosting.ovh.net\/?page_id=38"},"modified":"2025-08-12T10:14:07","modified_gmt":"2025-08-12T10:14:07","slug":"strona-glowna","status":"publish","type":"page","link":"https:\/\/zumteich.com\/","title":{"rendered":"Startseite"},"content":{"rendered":"\n<p><strong>Willkommen am Zum Teich \u2013 Wo Ruhe Zuhause ist<\/strong><\/p>\n\n\n\n<p>Hier finden Sie einen Ort, an dem die Zeit langsamer flie\u00dft und die Natur den Takt vorgibt. Zwischen sanft rauschenden B\u00e4umen, klarer Luft und dem Spiegel des Sees erwarten Sie Tage voller Stille und innerer Harmonie.<\/p>\n\n\n\n<p>Unsere Holzh\u00e4user, erbaut aus nat\u00fcrlichen Materialien und frei von grellen Farben, f\u00fcgen sich harmonisch in die Landschaft ein. Hier gibt es keinen L\u00e4rm, keine Hektik \u2013 nur das Rauschen der Bl\u00e4tter, das Pl\u00e4tschern des Wassers und das ferne Rufen der Wildtiere.<\/p>\n\n\n\n<p>Begegnen Sie Elchen, Bibern und anderen Bewohnern der Umgebung, genie\u00dfen Sie lange Abende am Lagerfeuer, umgeben von guter Musik und Gitarrenkl\u00e4ngen \u2013 Momente, die bleiben.<\/p>\n\n\n\n<p>Willkommen an einem Ort, der nicht einfach besucht, sondern erlebt wird.<\/p>\n\n\n\n<p><\/p>\n","protected":false},"excerpt":{"rendered":"<p>Willkommen am Zum Teich \u2013 Wo Ruhe Zuhause ist Hier finden Sie einen Ort, an dem die Zeit langsamer flie\u00dft und die Natur den Takt vorgibt. Zwischen sanft rauschenden B\u00e4umen, klarer Luft und dem Spiegel des Sees erwarten Sie Tage voller Stille und innerer Harmonie. Unsere Holzh\u00e4user, erbaut aus nat\u00fcrlichen Materialien und frei von grellen &hellip; <\/p>\n<p class=\"link-more\"><a href=\"https:\/\/zumteich.com\/\" class=\"more-link\">Czytaj dalej<span class=\"screen-reader-text\"> \u201eStartseite\u201d<\/span><\/a><\/p>\n","protected":false},"author":1,"featured_media":115,"parent":0,"menu_order":0,"comment_status":"closed","ping_status":"closed","template":"","meta":{"footnotes":""},"class_list":["post-38","page","type-page","status-publish","has-post-thumbnail","hentry"],"_links":{"self":[{"href":"https:\/\/zumteich.com\/index.php\/wp-json\/wp\/v2\/pages\/38","targetHints":{"allow":["GET"]}}],"collection":[{"href":"https:\/\/zumteich.com\/index.php\/wp-json\/wp\/v2\/pages"}],"about":[{"href":"https:\/\/zumteich.com\/index.php\/wp-json\/wp\/v2\/types\/page"}],"author":[{"embeddable":true,"href":"https:\/\/zumteich.com\/index.php\/wp-json\/wp\/v2\/users\/1"}],"replies":[{"embeddable":true,"href":"https:\/\/zumteich.com\/index.php\/wp-json\/wp\/v2\/comments?post=38"}],"version-history":[{"count":5,"href":"https:\/\/zumteich.com\/index.php\/wp-json\/wp\/v2\/pages\/38\/revisions"}],"predecessor-version":[{"id":119,"href":"https:\/\/zumteich.com\/index.php\/wp-json\/wp\/v2\/pages\/38\/revisions\/119"}],"wp:featuredmedia":[{"embeddable":true,"href":"https:\/\/zumteich.com\/index.php\/wp-json\/wp\/v2\/media\/115"}],"wp:attachment":[{"href":"https:\/\/zumteich.com\/index.php\/wp-json\/wp\/v2\/media?parent=38"}],"curies":[{"name":"wp","href":"https:\/\/api.w.org\/{rel}","templated":true}]}}